{"id":858,"date":"2025-10-05T22:49:33","date_gmt":"2025-10-05T22:49:33","guid":{"rendered":"http:\/\/wordsbylia.com\/home\/"},"modified":"2026-01-03T21:54:00","modified_gmt":"2026-01-03T21:54:00","slug":"home","status":"publish","type":"page","link":"https:\/\/wordsbylia.com\/en\/","title":{"rendered":""},"content":{"rendered":"<div data-elementor-type=\"wp-page\" data-elementor-id=\"858\" class=\"elementor elementor-858\">\n\t\t\t\t<div class=\"elementor-element elementor-element-a784c7c e-flex e-con-boxed wpr-particle-no wpr-jarallax-no wpr-parallax-no wpr-sticky-section-no wpr-equal-height-no e-con e-parent\" data-id=\"a784c7c\" data-element_type=\"container\" data-e-type=\"container\">\n\t\t\t\t\t<div class=\"e-con-inner\">\n\t\t\t\t<div class=\"elementor-element elementor-element-c8068f6 elementor-widget elementor-widget-html\" data-id=\"c8068f6\" data-element_type=\"widget\" data-e-type=\"widget\" data-widget_type=\"html.default\">\n\t\t\t\t\t<!-- HERO SECTION -->\n<section style=\"position:relative; padding:120px 20px 100px; background:linear-gradient(rgba(42,45,72,0.85), rgba(42,45,72,0.85)), url('https:\/\/wordsbylia.com\/wp-content\/uploads\/2025\/10\/exp.png'); background-size:cover; background-position:center; min-height:450px; text-align:center;\" class=\"no-lazyload\">\n  <h1 style=\"font-family:'Montserrat',Arial,sans-serif; font-size:clamp(1.8em, 5vw, 2.5em); font-weight:bold; color:#FFC107; margin-bottom:24px; text-shadow:0 3px 10px rgba(0,0,0,0.4);\">Professional Translations EN|ES|FR \u2192 PT<\/h1>\n  <p style=\"font-family:'Open Sans',Arial,sans-serif; font-size:clamp(1.05em, 2.5vw, 1.2em); color:#fff; text-shadow:0 2px 8px rgba(0,0,0,0.5); margin-bottom:12px;\">Technical, Legal, Corporate Translation and Transcription<\/p>\n  <p style=\"font-family:'Open Sans',Arial,sans-serif; color:#E0E0E0; font-size:clamp(0.95em, 2vw, 1.05em); text-shadow:0 2px 8px rgba(0,0,0,0.5); font-style:italic;\">From English, Spanish, French into European Portuguese<\/p>\n<\/section>\n\n<!-- SERVI\u00c7OS -->\n<section style=\"padding:70px 20px; background:#fff; text-align:center;\"><h2 style=\"font-size:clamp(1.8em, 4vw, 2.2em); color:#2a2d48; font-family:'Montserrat',Arial,sans-serif; font-weight:bold; margin-bottom:50px;\">Professional Translation Services<\/h2><div style=\"display:grid; grid-template-columns:repeat(auto-fit, minmax(260px, 1fr)); gap:30px; max-width:1200px; margin:0 auto;\"><div style=\"background:#f8f9fc; padding:40px 28px; border-radius:12px; box-shadow:0 4px 20px rgba(20,20,24,0.08);\"><div style=\"font-size:48px; color:#4A90E2; margin-bottom:20px;\">\ud83d\udcc4<\/div><h3 style=\"color:#2a2d48; font-size:1.25em; margin-bottom:16px; font-weight:600;\">Technical Translation<\/h3><p style=\"font-size:0.95em; color:#5a5a5a; line-height:1.6;\">Manuals, catalogues, business reports, and technical documentation.<\/p><\/div><div style=\"background:#f8f9fc; padding:40px 28px; border-radius:12px; box-shadow:0 4px 20px rgba(20,20,24,0.08);\"><div style=\"font-size:48px; color:#4A90E2; margin-bottom:20px;\">\u2696\ufe0f<\/div><h3 style=\"color:#2a2d48; font-size:1.25em; margin-bottom:16px; font-weight:600;\">Legal Translation<\/h3><p style=\"font-size:0.95em; color:#5a5a5a; line-height:1.6;\">Contratos, certid\u00f5es, procura\u00e7\u00f5es, escrituras, entre outros, Tradu\u00e7\u00f5es certificadas .<\/p><\/div><div style=\"background:#f8f9fc; padding:40px 28px; border-radius:12px; box-shadow:0 4px 20px rgba(20,20,24,0.08);\"><div style=\"font-size:48px; color:#4A90E2; margin-bottom:20px;\">\ud83d\udce3<\/div><h3 style=\"color:#2a2d48; font-size:1.25em; margin-bottom:16px; font-weight:600;\">Tradu\u00e7\u00e3o De Marketing<\/h3><p style=\"font-size:0.95em; color:#5a5a5a; line-height:1.6;\">Campaigns, digital content, corporate communication. Adapted translation and professional localisation.<\/p><\/div><div style=\"background:#f8f9fc; padding:40px 28px; border-radius:12px; box-shadow:0 4px 20px rgba(20,20,24,0.08);\"><div style=\"font-size:48px; color:#4A90E2; margin-bottom:20px;\">\ud83c\udfa4<\/div><h3 style=\"color:#2a2d48; font-size:1.25em; margin-bottom:16px; font-weight:600;\">Audio\/Video Transcription<\/h3><p style=\"font-size:0.95em; color:#5a5a5a; line-height:1.6;\">Professional transcription of meetings, interviews, podcasts and videos, ensuring maximum linguistic accuracy.<\/p><\/div><\/div><\/section>\n\n<!-- RECONHECIMENTO -->\n<section style=\"padding:70px 20px; background:#f4f6f9; text-align:center;\"><h2 style=\"font-size:clamp(1.8em, 4vw, 2.2em); color:#2a2d48; font-family:'Montserrat',Arial,sans-serif; font-weight:bold; margin-bottom:50px;\">Recognition &amp; Credibility<\/h2><div style=\"display:grid; grid-template-columns:repeat(auto-fit, minmax(280px, 1fr)); gap:35px; max-width:1100px; margin:0 auto;\"><div style=\"background:#fff; padding:35px 30px; border-radius:12px; box-shadow:0 3px 15px rgba(20,20,24,0.08);\"><p style=\"font-size:0.95em; color:#4a4a4a; line-height:1.7; margin-bottom:20px; font-style:italic;\">\"Mais de 1000 projetos entregues para empresas e clientes particulares com m\u00e1xima precis\u00e3o e aten\u00e7\u00e3o aos detalhes.\"<\/p><p style=\"color:#4A90E2; font-weight:600; font-size:0.9em; margin:0;\">Proven experience<\/p><\/div><div style=\"background:#fff; padding:35px 30px; border-radius:12px; box-shadow:0 3px 15px rgba(20,20,24,0.08);\"><p style=\"font-size:0.95em; color:#4a4a4a; line-height:1.7; margin-bottom:20px; font-style:italic;\">\"Especializada em tradu\u00e7\u00e3o t\u00e9cnica, corporativa e jur\u00eddica \u2014 refer\u00eancia h\u00e1 mais de 11 anos no mercado portugu\u00eas.\"<\/p><p style=\"color:#4A90E2; font-weight:600; font-size:0.9em; margin:0;\">Recognised professional<\/p><\/div><div style=\"background:#fff; padding:35px 30px; border-radius:12px; box-shadow:0 3px 15px rgba(20,20,24,0.08);\"><p style=\"font-size:0.95em; color:#4a4a4a; line-height:1.7; margin-bottom:20px; font-style:italic;\">\"Tradutora certificada, servi\u00e7os em ingl\u00eas, espanhol e franc\u00eas para portugu\u00eas, sempre com foco na fidelidade da mensagem original.\"<\/p><p style=\"color:#4A90E2; font-weight:600; font-size:0.9em; margin:0;\">Guaranteed reliability<\/p><\/div><\/div><\/section>\t\t\t\t<\/div>\n\t\t<div class=\"elementor-element elementor-element-1eb873f e-con-full e-flex wpr-particle-no wpr-jarallax-no wpr-parallax-no wpr-sticky-section-no wpr-equal-height-no e-con e-child\" data-id=\"1eb873f\" data-element_type=\"container\" data-e-type=\"container\">\n\t\t\t\t<\/div>\n\t\t\t\t\t<\/div>\n\t\t\t\t<\/div>\n\t\t\t\t<\/div>","protected":false},"excerpt":{"rendered":"<p>Tradu\u00e7\u00f5es Profissionais EN|ES|FR \u2192 PT Tradu\u00e7\u00e3o T\u00e9cnica, Jur\u00eddica, Corporativa e Transcri\u00e7\u00e3o De Ingl\u00eas, Espanhol, Franc\u00eas para Portugu\u00eas Europeu Servi\u00e7os de Tradu\u00e7\u00e3o Profissional \ud83d\udcc4 Tradu\u00e7\u00e3o T\u00e9cnica Manuais, cat\u00e1logos, relat\u00f3rios empresariais e documenta\u00e7\u00e3o t\u00e9cnica. \u2696\ufe0f Tradu\u00e7\u00e3o Jur\u00eddica Contratos, certid\u00f5es, procura\u00e7\u00f5es, escrituras, entre outros, Tradu\u00e7\u00f5es certificadas . \ud83d\udce3 Tradu\u00e7\u00e3o De Marketing Campanhas, conte\u00fado digital, comunica\u00e7\u00e3o empresarial. Tradu\u00e7\u00e3o adaptada e localiza\u00e7\u00e3o profissional. \ud83c\udfa4 Transcri\u00e7\u00e3o de \u00c1udio\/V\u00eddeo Transcri\u00e7\u00e3o profissional de reuni\u00f5es, entrevistas, podcasts e v\u00eddeos, assegurando m\u00e1xima precis\u00e3o lingu\u00edstica. Reconhecimento &#038; Credibilidade &#8220;Mais de 1000 projetos entregues para empresas e clientes particulares com m\u00e1xima precis\u00e3o e aten\u00e7\u00e3o aos detalhes.&#8221; Experi\u00eancia comprovada &#8220;Especializada em tradu\u00e7\u00e3o t\u00e9cnica, corporativa e jur\u00eddica \u2014 refer\u00eancia h\u00e1 mais de 11 anos no mercado portugu\u00eas.&#8221; Profissional reconhecida &#8220;Tradutora certificada, servi\u00e7os em ingl\u00eas, espanhol e franc\u00eas para portugu\u00eas, sempre com foco na fidelidade da mensagem original.&#8221; Confian\u00e7a garantida<\/p>","protected":false},"author":1,"featured_media":0,"parent":0,"menu_order":0,"comment_status":"closed","ping_status":"closed","template":"","meta":{"_eb_attr":"","om_disable_all_campaigns":false,"_uag_custom_page_level_css":"","_monsterinsights_skip_tracking":false,"_monsterinsights_sitenote_active":false,"_monsterinsights_sitenote_note":"","_monsterinsights_sitenote_category":0,"site-sidebar-layout":"no-sidebar","site-content-layout":"","ast-site-content-layout":"full-width-container","site-content-style":"default","site-sidebar-style":"default","ast-global-header-display":"","ast-banner-title-visibility":"","ast-main-header-display":"","ast-hfb-above-header-display":"","ast-hfb-below-header-display":"","ast-hfb-mobile-header-display":"","site-post-title":"disabled","ast-breadcrumbs-content":"","ast-featured-img":"disabled","footer-sml-layout":"","theme-transparent-header-meta":"","adv-header-id-meta":"","stick-header-meta":"","header-above-stick-meta":"","header-main-stick-meta":"","header-below-stick-meta":"","astra-migrate-meta-layouts":"default","ast-page-background-enabled":"default","ast-page-background-meta":{"desktop":{"background-color":"var(--ast-global-color-4)","background-image":"","background-repeat":"repeat","background-position":"center center","background-size":"auto","background-attachment":"scroll","background-type":"","background-media":"","overlay-type":"","overlay-color":"","overlay-opacity":"","overlay-gradient":""},"tablet":{"background-color":"","background-image":"","background-repeat":"repeat","background-position":"center center","background-size":"auto","background-attachment":"scroll","background-type":"","background-media":"","overlay-type":"","overlay-color":"","overlay-opacity":"","overlay-gradient":""},"mobile":{"background-color":"","background-image":"","background-repeat":"repeat","background-position":"center center","background-size":"auto","background-attachment":"scroll","background-type":"","background-media":"","overlay-type":"","overlay-color":"","overlay-opacity":"","overlay-gradient":""}},"ast-content-background-meta":{"desktop":{"background-color":"var(--ast-global-color-5)","background-image":"","background-repeat":"repeat","background-position":"center center","background-size":"auto","background-attachment":"scroll","background-type":"","background-media":"","overlay-type":"","overlay-color":"","overlay-opacity":"","overlay-gradient":""},"tablet":{"background-color":"var(--ast-global-color-5)","background-image":"","background-repeat":"repeat","background-position":"center center","background-size":"auto","background-attachment":"scroll","background-type":"","background-media":"","overlay-type":"","overlay-color":"","overlay-opacity":"","overlay-gradient":""},"mobile":{"background-color":"var(--ast-global-color-5)","background-image":"","background-repeat":"repeat","background-position":"center center","background-size":"auto","background-attachment":"scroll","background-type":"","background-media":"","overlay-type":"","overlay-color":"","overlay-opacity":"","overlay-gradient":""}},"footnotes":""},"class_list":["post-858","page","type-page","status-publish","hentry"],"aioseo_notices":[],"uagb_featured_image_src":{"full":false,"thumbnail":false,"medium":false,"medium_large":false,"large":false,"1536x1536":false,"2048x2048":false,"trp-custom-language-flag":false},"uagb_author_info":{"display_name":"Lia","author_link":"https:\/\/wordsbylia.com\/en\/author\/admin1851\/"},"uagb_comment_info":0,"uagb_excerpt":"Tradu\u00e7\u00f5es Profissionais EN|ES|FR \u2192 PT Tradu\u00e7\u00e3o T\u00e9cnica, Jur\u00eddica, Corporativa e Transcri\u00e7\u00e3o De Ingl\u00eas, Espanhol, Franc\u00eas para Portugu\u00eas Europeu Servi\u00e7os de Tradu\u00e7\u00e3o Profissional \ud83d\udcc4 Tradu\u00e7\u00e3o T\u00e9cnica Manuais, cat\u00e1logos, relat\u00f3rios empresariais e documenta\u00e7\u00e3o t\u00e9cnica. \u2696\ufe0f Tradu\u00e7\u00e3o Jur\u00eddica Contratos, certid\u00f5es, procura\u00e7\u00f5es, escrituras, entre outros, Tradu\u00e7\u00f5es certificadas . \ud83d\udce3 Tradu\u00e7\u00e3o De Marketing Campanhas, conte\u00fado digital, comunica\u00e7\u00e3o empresarial. Tradu\u00e7\u00e3o adaptada&hellip;","_links":{"self":[{"href":"https:\/\/wordsbylia.com\/en\/wp-json\/wp\/v2\/pages\/858","targetHints":{"allow":["GET"]}}],"collection":[{"href":"https:\/\/wordsbylia.com\/en\/wp-json\/wp\/v2\/pages"}],"about":[{"href":"https:\/\/wordsbylia.com\/en\/wp-json\/wp\/v2\/types\/page"}],"author":[{"embeddable":true,"href":"https:\/\/wordsbylia.com\/en\/wp-json\/wp\/v2\/users\/1"}],"replies":[{"embeddable":true,"href":"https:\/\/wordsbylia.com\/en\/wp-json\/wp\/v2\/comments?post=858"}],"version-history":[{"count":14,"href":"https:\/\/wordsbylia.com\/en\/wp-json\/wp\/v2\/pages\/858\/revisions"}],"predecessor-version":[{"id":1454,"href":"https:\/\/wordsbylia.com\/en\/wp-json\/wp\/v2\/pages\/858\/revisions\/1454"}],"wp:attachment":[{"href":"https:\/\/wordsbylia.com\/en\/wp-json\/wp\/v2\/media?parent=858"}],"curies":[{"name":"wp","href":"https:\/\/api.w.org\/{rel}","templated":true}]}}